{"id":1008,"date":"2026-04-23T12:23:41","date_gmt":"2026-04-23T10:23:41","guid":{"rendered":"https:\/\/blissful-heisenberg.92-205-177-139.plesk.page\/?page_id=1008"},"modified":"2026-04-23T13:06:41","modified_gmt":"2026-04-23T11:06:41","slug":"selskaber-og-event","status":"publish","type":"page","link":"https:\/\/blissful-heisenberg.92-205-177-139.plesk.page\/?page_id=1008","title":{"rendered":"Selskaber og Event"},"content":{"rendered":"\t\t<div data-elementor-type=\"wp-page\" data-elementor-id=\"1008\" class=\"elementor elementor-1008\" data-elementor-post-type=\"page\">\n\t\t\t\t<div class=\"elementor-element elementor-element-b57e7cd e-flex e-con-boxed e-con e-parent\" data-id=\"b57e7cd\" data-element_type=\"container\" data-e-type=\"container\" data-settings=\"{&quot;background_background&quot;:&quot;classic&quot;}\">\n\t\t\t\t\t<div class=\"e-con-inner\">\n\t\t\t\t<div class=\"elementor-element elementor-element-687efec elementor-widget elementor-widget-heading\" data-id=\"687efec\" data-element_type=\"widget\" data-e-type=\"widget\" data-widget_type=\"heading.default\">\n\t\t\t\t\t<h2 class=\"elementor-heading-title elementor-size-default\">SELSKABER &amp; EVENTS<\/h2>\t\t\t\t<\/div>\n\t\t\t\t<div class=\"elementor-element elementor-element-b129d72 elementor-widget__width-initial elementor-widget elementor-widget-text-editor\" data-id=\"b129d72\" data-element_type=\"widget\" data-e-type=\"widget\" data-widget_type=\"text-editor.default\">\n\t\t\t\t\t\t\t\t\t<p>SKAB MINDER SAMMEN<br \/>VI DANNER RAMMEN<\/p>\t\t\t\t\t\t\t\t<\/div>\n\t\t\t\t\t<\/div>\n\t\t\t\t<\/div>\n\t\t<div class=\"elementor-element elementor-element-c0f09bf e-flex e-con-boxed e-con e-parent\" data-id=\"c0f09bf\" data-element_type=\"container\" data-e-type=\"container\" data-settings=\"{&quot;background_background&quot;:&quot;classic&quot;}\">\n\t\t\t\t\t<div class=\"e-con-inner\">\n\t\t\t\t<div class=\"elementor-element elementor-element-1cd4ac3 elementor-widget elementor-widget-spacer\" data-id=\"1cd4ac3\" data-element_type=\"widget\" data-e-type=\"widget\" data-widget_type=\"spacer.default\">\n\t\t\t\t\t\t\t<div class=\"elementor-spacer\">\n\t\t\t<div class=\"elementor-spacer-inner\"><\/div>\n\t\t<\/div>\n\t\t\t\t\t\t<\/div>\n\t\t\t\t\t<\/div>\n\t\t\t\t<\/div>\n\t\t<div class=\"elementor-element elementor-element-944e9cb e-flex e-con-boxed e-con e-parent\" data-id=\"944e9cb\" data-element_type=\"container\" data-e-type=\"container\" data-settings=\"{&quot;background_background&quot;:&quot;classic&quot;}\">\n\t\t\t\t\t<div class=\"e-con-inner\">\n\t\t<div class=\"elementor-element elementor-element-e06889f e-con-full e-flex e-con e-child\" data-id=\"e06889f\" data-element_type=\"container\" data-e-type=\"container\">\n\t\t\t\t<div class=\"elementor-element elementor-element-4b42e7b elementor-widget elementor-widget-text-editor\" data-id=\"4b42e7b\" data-element_type=\"widget\" data-e-type=\"widget\" data-widget_type=\"text-editor.default\">\n\t\t\t\t\t\t\t\t\t<p>FRA SM\u00c5 M\u00d8DER TIL STORE FEJRINGER<\/p>\t\t\t\t\t\t\t\t<\/div>\n\t\t\t\t\t\n<hr class=\"e-af5ee6f-188aa6a e-divider-base\" data-interaction-id=\"af5ee6f\"  data-e-type=\"widget\" data-id=\"af5ee6f\" \/>\n\t\t\t\t<div class=\"elementor-element elementor-element-a268371 elementor-widget elementor-widget-heading\" data-id=\"a268371\" data-element_type=\"widget\" data-e-type=\"widget\" data-widget_type=\"heading.default\">\n\t\t\t\t\t<h2 class=\"elementor-heading-title elementor-size-default\">Hold jeres n\u00e6ste selskab hos Svineriet<\/h2>\t\t\t\t<\/div>\n\t\t\t\t<div class=\"elementor-element elementor-element-cec49f6 elementor-widget elementor-widget-text-editor\" data-id=\"cec49f6\" data-element_type=\"widget\" data-e-type=\"widget\" data-widget_type=\"text-editor.default\">\n\t\t\t\t\t\t\t\t\t<p>Uanset om I er en lille gruppe venner, kolleger eller en st\u00f8rre forsamling,<br \/>st\u00e5r vi klar til at skabe en uforglemmelig oplevelse for jer.<\/p><p>Vi tilbyder l\u00e6kre vine, velsmagende serveringer og en stemning,<br \/>der s\u00e6tter den helt rigtige ramme for jeres aften.<\/p><p>Fort\u00e6l os om jeres \u00f8nsker \u2013 s\u00e5 sammens\u00e6tter vi et arrangement,<br \/>der passer perfekt til netop jer.<\/p>\t\t\t\t\t\t\t\t<\/div>\n\t\t\t\t<\/div>\n\t\t<div class=\"elementor-element elementor-element-ba6c78d e-con-full e-flex e-con e-child\" data-id=\"ba6c78d\" data-element_type=\"container\" data-e-type=\"container\">\n\t\t\t\t<div class=\"elementor-element elementor-element-747d173 elementor-widget elementor-widget-image\" data-id=\"747d173\" data-element_type=\"widget\" data-e-type=\"widget\" data-widget_type=\"image.default\">\n\t\t\t\t\t\t\t\t\t\t\t\t\t\t\t<img fetchpriority=\"high\" decoding=\"async\" width=\"800\" height=\"534\" src=\"https:\/\/blissful-heisenberg.92-205-177-139.plesk.page\/wp-content\/uploads\/2026\/04\/ChatGPT-Image-23.-apr.-2026-12.34.15-1024x683.png\" class=\"attachment-large size-large wp-image-1016\" alt=\"\" srcset=\"https:\/\/blissful-heisenberg.92-205-177-139.plesk.page\/wp-content\/uploads\/2026\/04\/ChatGPT-Image-23.-apr.-2026-12.34.15-1024x683.png 1024w, https:\/\/blissful-heisenberg.92-205-177-139.plesk.page\/wp-content\/uploads\/2026\/04\/ChatGPT-Image-23.-apr.-2026-12.34.15-300x200.png 300w, https:\/\/blissful-heisenberg.92-205-177-139.plesk.page\/wp-content\/uploads\/2026\/04\/ChatGPT-Image-23.-apr.-2026-12.34.15-768x512.png 768w, https:\/\/blissful-heisenberg.92-205-177-139.plesk.page\/wp-content\/uploads\/2026\/04\/ChatGPT-Image-23.-apr.-2026-12.34.15.png 1536w\" sizes=\"(max-width: 800px) 100vw, 800px\" \/>\t\t\t\t\t\t\t\t\t\t\t\t\t\t\t<\/div>\n\t\t\t\t<\/div>\n\t\t\t\t\t<\/div>\n\t\t\t\t<\/div>\n\t\t<div class=\"elementor-element elementor-element-301ada8 e-flex e-con-boxed e-con e-parent\" data-id=\"301ada8\" data-element_type=\"container\" data-e-type=\"container\" data-settings=\"{&quot;background_background&quot;:&quot;classic&quot;}\">\n\t\t\t\t\t<div class=\"e-con-inner\">\n\t\t\t\t<div class=\"elementor-element elementor-element-27f86ef elementor-widget elementor-widget-spacer\" data-id=\"27f86ef\" data-element_type=\"widget\" data-e-type=\"widget\" data-widget_type=\"spacer.default\">\n\t\t\t\t\t\t\t<div class=\"elementor-spacer\">\n\t\t\t<div class=\"elementor-spacer-inner\"><\/div>\n\t\t<\/div>\n\t\t\t\t\t\t<\/div>\n\t\t\t\t\t<\/div>\n\t\t\t\t<\/div>\n\t\t<div class=\"elementor-element elementor-element-ef02406 e-flex e-con-boxed e-con e-parent\" data-id=\"ef02406\" data-element_type=\"container\" data-e-type=\"container\" data-settings=\"{&quot;background_background&quot;:&quot;classic&quot;}\">\n\t\t\t\t\t<div class=\"e-con-inner\">\n\t\t\t\t<div class=\"elementor-element elementor-element-065aabf elementor-widget elementor-widget-text-editor\" data-id=\"065aabf\" data-element_type=\"widget\" data-e-type=\"widget\" data-widget_type=\"text-editor.default\">\n\t\t\t\t\t\t\t\t\t<p>VI TILBYDER<\/p>\t\t\t\t\t\t\t\t<\/div>\n\t\t\t\t\t<\/div>\n\t\t\t\t<\/div>\n\t\t<div class=\"elementor-element elementor-element-9d002a5 e-flex e-con-boxed e-con e-parent\" data-id=\"9d002a5\" data-element_type=\"container\" data-e-type=\"container\" data-settings=\"{&quot;background_background&quot;:&quot;classic&quot;}\">\n\t\t\t\t\t<div class=\"e-con-inner\">\n\t\t<div class=\"elementor-element elementor-element-d8fe4c3 e-con-full e-flex e-con e-child\" data-id=\"d8fe4c3\" data-element_type=\"container\" data-e-type=\"container\">\n\t\t\t\t<div class=\"elementor-element elementor-element-cbdfd2a elementor-widget elementor-widget-heading\" data-id=\"cbdfd2a\" data-element_type=\"widget\" data-e-type=\"widget\" data-widget_type=\"heading.default\">\n\t\t\t\t\t<h2 class=\"elementor-heading-title elementor-size-default\">Private selskaber<\/h2>\t\t\t\t<\/div>\n\t\t\t\t<div class=\"elementor-element elementor-element-d7afbb2 elementor-widget elementor-widget-text-editor\" data-id=\"d7afbb2\" data-element_type=\"widget\" data-e-type=\"widget\" data-widget_type=\"text-editor.default\">\n\t\t\t\t\t\t\t\t\t<p>F\u00f8dselsdage, jubil\u00e6er,\u00a0 konfirmationer eller bare fordi \u2013 vi skaber en aften, I vil huske.<\/p>\t\t\t\t\t\t\t\t<\/div>\n\t\t\t\t<\/div>\n\t\t<div class=\"elementor-element elementor-element-ce79df1 e-con-full e-flex e-con e-child\" data-id=\"ce79df1\" data-element_type=\"container\" data-e-type=\"container\">\n\t\t\t\t<div class=\"elementor-element elementor-element-d1db0fd elementor-widget elementor-widget-heading\" data-id=\"d1db0fd\" data-element_type=\"widget\" data-e-type=\"widget\" data-widget_type=\"heading.default\">\n\t\t\t\t\t<h2 class=\"elementor-heading-title elementor-size-default\">Virksomhedsaftener<\/h2>\t\t\t\t<\/div>\n\t\t\t\t<div class=\"elementor-element elementor-element-ae89639 elementor-widget elementor-widget-text-editor\" data-id=\"ae89639\" data-element_type=\"widget\" data-e-type=\"widget\" data-widget_type=\"text-editor.default\">\n\t\t\t\t\t\t\t\t\t<p>Styrk relationerne med en hyggelig firmaaften, middag eller vinsmagning\u00a0i inspirerende omgivelser.<\/p>\t\t\t\t\t\t\t\t<\/div>\n\t\t\t\t<\/div>\n\t\t<div class=\"elementor-element elementor-element-179b55a e-con-full e-flex e-con e-child\" data-id=\"179b55a\" data-element_type=\"container\" data-e-type=\"container\">\n\t\t\t\t<div class=\"elementor-element elementor-element-c37bade elementor-widget elementor-widget-heading\" data-id=\"c37bade\" data-element_type=\"widget\" data-e-type=\"widget\" data-widget_type=\"heading.default\">\n\t\t\t\t\t<h2 class=\"elementor-heading-title elementor-size-default\">Vinsmagninger<\/h2>\t\t\t\t<\/div>\n\t\t\t\t<div class=\"elementor-element elementor-element-3f09f54 elementor-widget elementor-widget-text-editor\" data-id=\"3f09f54\" data-element_type=\"widget\" data-e-type=\"widget\" data-widget_type=\"text-editor.default\">\n\t\t\t\t\t\t\t\t\t<p>Lad os guide jer gennem sp\u00e6ndende<br \/>vine og historier \u2013 en l\u00e6rerig og<br \/>hyggelig oplevelse for alle.<\/p>\t\t\t\t\t\t\t\t<\/div>\n\t\t\t\t<\/div>\n\t\t<div class=\"elementor-element elementor-element-96b7932 e-con-full e-flex e-con e-child\" data-id=\"96b7932\" data-element_type=\"container\" data-e-type=\"container\">\n\t\t\t\t<div class=\"elementor-element elementor-element-50c15a3 elementor-widget elementor-widget-heading\" data-id=\"50c15a3\" data-element_type=\"widget\" data-e-type=\"widget\" data-widget_type=\"heading.default\">\n\t\t\t\t\t<h2 class=\"elementor-heading-title elementor-size-default\">Skr\u00e6ddersyede events<\/h2>\t\t\t\t<\/div>\n\t\t\t\t<div class=\"elementor-element elementor-element-c6a758d elementor-widget elementor-widget-text-editor\" data-id=\"c6a758d\" data-element_type=\"widget\" data-e-type=\"widget\" data-widget_type=\"text-editor.default\">\n\t\t\t\t\t\t\t\t\t<p>Har I s\u00e6rlige \u00f8nsker? <br \/>Vi elsker at sammens\u00e6tte unikke oplevelser, der matcher jeres behov.<\/p>\t\t\t\t\t\t\t\t<\/div>\n\t\t\t\t<\/div>\n\t\t\t\t\t<\/div>\n\t\t\t\t<\/div>\n\t\t<div class=\"elementor-element elementor-element-b9d8c9e e-flex e-con-boxed e-con e-parent\" data-id=\"b9d8c9e\" data-element_type=\"container\" data-e-type=\"container\" data-settings=\"{&quot;background_background&quot;:&quot;classic&quot;}\">\n\t\t\t\t\t<div class=\"e-con-inner\">\n\t\t\t\t<div class=\"elementor-element elementor-element-84cabdb elementor-widget elementor-widget-spacer\" data-id=\"84cabdb\" data-element_type=\"widget\" data-e-type=\"widget\" data-widget_type=\"spacer.default\">\n\t\t\t\t\t\t\t<div class=\"elementor-spacer\">\n\t\t\t<div class=\"elementor-spacer-inner\"><\/div>\n\t\t<\/div>\n\t\t\t\t\t\t<\/div>\n\t\t\t\t\t<\/div>\n\t\t\t\t<\/div>\n\t\t<div class=\"elementor-element elementor-element-faaf850 e-flex e-con-boxed e-con e-parent\" data-id=\"faaf850\" data-element_type=\"container\" data-e-type=\"container\" data-settings=\"{&quot;background_background&quot;:&quot;classic&quot;}\">\n\t\t\t\t\t<div class=\"e-con-inner\">\n\t\t<div class=\"elementor-element elementor-element-3a52f38 e-con-full e-flex e-con e-child\" data-id=\"3a52f38\" data-element_type=\"container\" data-e-type=\"container\">\n\t\t\t\t<div class=\"elementor-element elementor-element-befa5da elementor-widget elementor-widget-image\" data-id=\"befa5da\" data-element_type=\"widget\" data-e-type=\"widget\" data-widget_type=\"image.default\">\n\t\t\t\t\t\t\t\t\t\t\t\t\t\t\t<img decoding=\"async\" width=\"800\" height=\"449\" src=\"https:\/\/blissful-heisenberg.92-205-177-139.plesk.page\/wp-content\/uploads\/2026\/04\/hero_cropped-1024x575.png\" class=\"attachment-large size-large wp-image-606\" alt=\"\" srcset=\"https:\/\/blissful-heisenberg.92-205-177-139.plesk.page\/wp-content\/uploads\/2026\/04\/hero_cropped-1024x575.png 1024w, https:\/\/blissful-heisenberg.92-205-177-139.plesk.page\/wp-content\/uploads\/2026\/04\/hero_cropped-300x169.png 300w, https:\/\/blissful-heisenberg.92-205-177-139.plesk.page\/wp-content\/uploads\/2026\/04\/hero_cropped-768x432.png 768w, https:\/\/blissful-heisenberg.92-205-177-139.plesk.page\/wp-content\/uploads\/2026\/04\/hero_cropped.png 1365w\" sizes=\"(max-width: 800px) 100vw, 800px\" \/>\t\t\t\t\t\t\t\t\t\t\t\t\t\t\t<\/div>\n\t\t\t\t<\/div>\n\t\t<div class=\"elementor-element elementor-element-127e796 e-con-full e-flex e-con e-child\" data-id=\"127e796\" data-element_type=\"container\" data-e-type=\"container\">\n\t\t\t\t<div class=\"elementor-element elementor-element-e6ea477 elementor-widget elementor-widget-text-editor\" data-id=\"e6ea477\" data-element_type=\"widget\" data-e-type=\"widget\" data-widget_type=\"text-editor.default\">\n\t\t\t\t\t\t\t\t\t<p>MAD, VIN OG STEMNING<\/p>\t\t\t\t\t\t\t\t<\/div>\n\t\t\t\t\t\n<hr class=\"e-a177a13-7fd2322 e-divider-base\" data-interaction-id=\"a177a13\"  data-e-type=\"widget\" data-id=\"a177a13\" \/>\n\t\t\t\t<div class=\"elementor-element elementor-element-5e52212 elementor-widget elementor-widget-heading\" data-id=\"5e52212\" data-element_type=\"widget\" data-e-type=\"widget\" data-widget_type=\"heading.default\">\n\t\t\t\t\t<h2 class=\"elementor-heading-title elementor-size-default\">Alt det, der g\u00f8r jeres aften s\u00e6rlig<\/h2>\t\t\t\t<\/div>\n\t\t\t\t<div class=\"elementor-element elementor-element-3dbef08 elementor-widget elementor-widget-text-editor\" data-id=\"3dbef08\" data-element_type=\"widget\" data-e-type=\"widget\" data-widget_type=\"text-editor.default\">\n\t\t\t\t\t\t\t\t\t<p>Vi g\u00e5r ikke p\u00e5 kompromis med kvaliteten.<\/p><p>Vores vine er n\u00f8je udvalgte, og vores serveringer<br \/>laves med k\u00e6rlighed til gode r\u00e5varer.<\/p><p>Sammen skaber det rammerne for en aften,<br \/>I og jeres g\u00e6ster vil tale om l\u00e6nge.<\/p>\t\t\t\t\t\t\t\t<\/div>\n\t\t\t\t<\/div>\n\t\t\t\t\t<\/div>\n\t\t\t\t<\/div>\n\t\t<div class=\"elementor-element elementor-element-32f7b0b e-flex e-con-boxed e-con e-parent\" data-id=\"32f7b0b\" data-element_type=\"container\" data-e-type=\"container\" data-settings=\"{&quot;background_background&quot;:&quot;classic&quot;}\">\n\t\t\t\t\t<div class=\"e-con-inner\">\n\t\t\t\t\t<\/div>\n\t\t\t\t<\/div>\n\t\t<div class=\"elementor-element elementor-element-e0ce4a1 e-flex e-con-boxed e-con e-parent\" data-id=\"e0ce4a1\" data-element_type=\"container\" data-e-type=\"container\" data-settings=\"{&quot;background_background&quot;:&quot;classic&quot;}\">\n\t\t\t\t\t<div class=\"e-con-inner\">\n\t\t\t\t<div class=\"elementor-element elementor-element-36bf3fc elementor-widget elementor-widget-spacer\" data-id=\"36bf3fc\" data-element_type=\"widget\" data-e-type=\"widget\" data-widget_type=\"spacer.default\">\n\t\t\t\t\t\t\t<div class=\"elementor-spacer\">\n\t\t\t<div class=\"elementor-spacer-inner\"><\/div>\n\t\t<\/div>\n\t\t\t\t\t\t<\/div>\n\t\t\t\t\t<\/div>\n\t\t\t\t<\/div>\n\t\t<div class=\"elementor-element elementor-element-45d7dd9 e-flex e-con-boxed e-con e-parent\" data-id=\"45d7dd9\" data-element_type=\"container\" data-e-type=\"container\" data-settings=\"{&quot;background_background&quot;:&quot;classic&quot;}\">\n\t\t\t\t\t<div class=\"e-con-inner\">\n\t\t<div class=\"elementor-element elementor-element-0be63f6 e-con-full e-flex e-con e-child\" data-id=\"0be63f6\" data-element_type=\"container\" data-e-type=\"container\">\n\t\t\t\t<div class=\"elementor-element elementor-element-c1c9395 elementor-widget elementor-widget-heading\" data-id=\"c1c9395\" data-element_type=\"widget\" data-e-type=\"widget\" data-widget_type=\"heading.default\">\n\t\t\t\t\t<h2 class=\"elementor-heading-title elementor-size-default\">Lad os planl\u00e6gge jeres n\u00e6ste oplevelse<\/h2>\t\t\t\t<\/div>\n\t\t\t\t<div class=\"elementor-element elementor-element-60564bd elementor-widget elementor-widget-text-editor\" data-id=\"60564bd\" data-element_type=\"widget\" data-e-type=\"widget\" data-widget_type=\"text-editor.default\">\n\t\t\t\t\t\t\t\t\t<p>Kontakt os i dag, s\u00e5 finder vi sammen den helt rigtige l\u00f8sning<br \/>til jeres selskab eller event.<\/p>\t\t\t\t\t\t\t\t<\/div>\n\t\t\t\t<div class=\"elementor-element elementor-element-d26024a elementor-widget__width-initial elementor-widget elementor-widget-button\" data-id=\"d26024a\" data-element_type=\"widget\" data-e-type=\"widget\" data-widget_type=\"button.default\">\n\t\t\t\t\t\t\t\t\t\t<a class=\"elementor-button elementor-button-link elementor-size-sm\" href=\"#\">\n\t\t\t\t\t\t<span class=\"elementor-button-content-wrapper\">\n\t\t\t\t\t\t\t\t\t<span class=\"elementor-button-text\">KONTAKT OS<\/span>\n\t\t\t\t\t<\/span>\n\t\t\t\t\t<\/a>\n\t\t\t\t\t\t\t\t<\/div>\n\t\t\t\t<\/div>\n\t\t<div class=\"elementor-element elementor-element-8869128 e-con-full e-flex e-con e-child\" data-id=\"8869128\" data-element_type=\"container\" data-e-type=\"container\">\n\t\t\t\t<div class=\"elementor-element elementor-element-f806e3b elementor-widget elementor-widget-image\" data-id=\"f806e3b\" data-element_type=\"widget\" data-e-type=\"widget\" data-widget_type=\"image.default\">\n\t\t\t\t\t\t\t\t\t\t\t\t\t\t\t<img decoding=\"async\" width=\"800\" height=\"534\" src=\"https:\/\/blissful-heisenberg.92-205-177-139.plesk.page\/wp-content\/uploads\/2026\/04\/ChatGPT-Image-20.-apr.-2026-13.23.38-1024x683.png\" class=\"attachment-large size-large wp-image-1027\" alt=\"\" srcset=\"https:\/\/blissful-heisenberg.92-205-177-139.plesk.page\/wp-content\/uploads\/2026\/04\/ChatGPT-Image-20.-apr.-2026-13.23.38-1024x683.png 1024w, https:\/\/blissful-heisenberg.92-205-177-139.plesk.page\/wp-content\/uploads\/2026\/04\/ChatGPT-Image-20.-apr.-2026-13.23.38-300x200.png 300w, https:\/\/blissful-heisenberg.92-205-177-139.plesk.page\/wp-content\/uploads\/2026\/04\/ChatGPT-Image-20.-apr.-2026-13.23.38-768x512.png 768w, https:\/\/blissful-heisenberg.92-205-177-139.plesk.page\/wp-content\/uploads\/2026\/04\/ChatGPT-Image-20.-apr.-2026-13.23.38.png 1536w\" sizes=\"(max-width: 800px) 100vw, 800px\" \/>\t\t\t\t\t\t\t\t\t\t\t\t\t\t\t<\/div>\n\t\t\t\t<\/div>\n\t\t\t\t\t<\/div>\n\t\t\t\t<\/div>\n\t\t<div class=\"elementor-element elementor-element-6500f42 e-flex e-con-boxed e-con e-parent\" data-id=\"6500f42\" data-element_type=\"container\" data-e-type=\"container\" data-settings=\"{&quot;background_background&quot;:&quot;classic&quot;}\">\n\t\t\t\t\t<div class=\"e-con-inner\">\n\t\t\t\t<div class=\"elementor-element elementor-element-a47365c elementor-widget elementor-widget-spacer\" data-id=\"a47365c\" data-element_type=\"widget\" data-e-type=\"widget\" data-widget_type=\"spacer.default\">\n\t\t\t\t\t\t\t<div class=\"elementor-spacer\">\n\t\t\t<div class=\"elementor-spacer-inner\"><\/div>\n\t\t<\/div>\n\t\t\t\t\t\t<\/div>\n\t\t\t\t\t<\/div>\n\t\t\t\t<\/div>\n\t\t<div class=\"elementor-element elementor-element-392a6b1 e-flex e-con-boxed e-con e-parent\" data-id=\"392a6b1\" data-element_type=\"container\" data-e-type=\"container\" data-settings=\"{&quot;background_background&quot;:&quot;classic&quot;}\">\n\t\t\t\t\t<div class=\"e-con-inner\">\n\t\t\t\t<div class=\"elementor-element elementor-element-1b1ad2a elementor-widget elementor-widget-spacer\" data-id=\"1b1ad2a\" data-element_type=\"widget\" data-e-type=\"widget\" data-widget_type=\"spacer.default\">\n\t\t\t\t\t\t\t<div class=\"elementor-spacer\">\n\t\t\t<div class=\"elementor-spacer-inner\"><\/div>\n\t\t<\/div>\n\t\t\t\t\t\t<\/div>\n\t\t\t\t\t<\/div>\n\t\t\t\t<\/div>\n\t\t\t\t<\/div>\n\t\t","protected":false},"excerpt":{"rendered":"<p>SELSKABER &amp; EVENTS SKAB MINDER SAMMENVI DANNER RAMMEN FRA SM\u00c5 M\u00d8DER TIL STORE FEJRINGER Hold jeres n\u00e6ste selskab hos Svineriet Uanset om I er en lille gruppe venner, kolleger eller en st\u00f8rre forsamling,st\u00e5r vi klar til at skabe en uforglemmelig oplevelse for jer. Vi tilbyder l\u00e6kre vine, velsmagende serveringer og en stemning,der s\u00e6tter den helt [&hellip;]<\/p>\n","protected":false},"author":3,"featured_media":0,"parent":0,"menu_order":0,"comment_status":"closed","ping_status":"closed","template":"","meta":{"footnotes":""},"class_list":["post-1008","page","type-page","status-publish","hentry"],"_links":{"self":[{"href":"https:\/\/blissful-heisenberg.92-205-177-139.plesk.page\/index.php?rest_route=\/wp\/v2\/pages\/1008","targetHints":{"allow":["GET"]}}],"collection":[{"href":"https:\/\/blissful-heisenberg.92-205-177-139.plesk.page\/index.php?rest_route=\/wp\/v2\/pages"}],"about":[{"href":"https:\/\/blissful-heisenberg.92-205-177-139.plesk.page\/index.php?rest_route=\/wp\/v2\/types\/page"}],"author":[{"embeddable":true,"href":"https:\/\/blissful-heisenberg.92-205-177-139.plesk.page\/index.php?rest_route=\/wp\/v2\/users\/3"}],"replies":[{"embeddable":true,"href":"https:\/\/blissful-heisenberg.92-205-177-139.plesk.page\/index.php?rest_route=%2Fwp%2Fv2%2Fcomments&post=1008"}],"version-history":[{"count":16,"href":"https:\/\/blissful-heisenberg.92-205-177-139.plesk.page\/index.php?rest_route=\/wp\/v2\/pages\/1008\/revisions"}],"predecessor-version":[{"id":1030,"href":"https:\/\/blissful-heisenberg.92-205-177-139.plesk.page\/index.php?rest_route=\/wp\/v2\/pages\/1008\/revisions\/1030"}],"wp:attachment":[{"href":"https:\/\/blissful-heisenberg.92-205-177-139.plesk.page\/index.php?rest_route=%2Fwp%2Fv2%2Fmedia&parent=1008"}],"curies":[{"name":"wp","href":"https:\/\/api.w.org\/{rel}","templated":true}]}}