{"id":910,"date":"2026-04-23T10:08:43","date_gmt":"2026-04-23T08:08:43","guid":{"rendered":"https:\/\/blissful-heisenberg.92-205-177-139.plesk.page\/?page_id=910"},"modified":"2026-04-23T12:15:27","modified_gmt":"2026-04-23T10:15:27","slug":"vinbar","status":"publish","type":"page","link":"https:\/\/blissful-heisenberg.92-205-177-139.plesk.page\/?page_id=910","title":{"rendered":"Vinbar"},"content":{"rendered":"\t\t<div data-elementor-type=\"wp-page\" data-elementor-id=\"910\" class=\"elementor elementor-910\" data-elementor-post-type=\"page\">\n\t\t\t\t<div class=\"elementor-element elementor-element-b57e7cd e-flex e-con-boxed e-con e-parent\" data-id=\"b57e7cd\" data-element_type=\"container\" data-e-type=\"container\" data-settings=\"{&quot;background_background&quot;:&quot;classic&quot;}\">\n\t\t\t\t\t<div class=\"e-con-inner\">\n\t\t\t\t<div class=\"elementor-element elementor-element-687efec elementor-widget elementor-widget-heading\" data-id=\"687efec\" data-element_type=\"widget\" data-e-type=\"widget\" data-widget_type=\"heading.default\">\n\t\t\t\t\t<h2 class=\"elementor-heading-title elementor-size-default\">VINBAR<\/h2>\t\t\t\t<\/div>\n\t\t\t\t<div class=\"elementor-element elementor-element-b129d72 elementor-widget__width-initial elementor-widget elementor-widget-text-editor\" data-id=\"b129d72\" data-element_type=\"widget\" data-e-type=\"widget\" data-widget_type=\"text-editor.default\">\n\t\t\t\t\t\t\t\t\t<p>GODE VINE, L\u00c6KRE SERVERINGER<br \/>OG DEN HELT RIGTIGE STEMNING<\/p>\t\t\t\t\t\t\t\t<\/div>\n\t\t\t\t\t<\/div>\n\t\t\t\t<\/div>\n\t\t<div class=\"elementor-element elementor-element-c0f09bf e-flex e-con-boxed e-con e-parent\" data-id=\"c0f09bf\" data-element_type=\"container\" data-e-type=\"container\" data-settings=\"{&quot;background_background&quot;:&quot;classic&quot;}\">\n\t\t\t\t\t<div class=\"e-con-inner\">\n\t\t\t\t<div class=\"elementor-element elementor-element-1cd4ac3 elementor-widget elementor-widget-spacer\" data-id=\"1cd4ac3\" data-element_type=\"widget\" data-e-type=\"widget\" data-widget_type=\"spacer.default\">\n\t\t\t\t\t\t\t<div class=\"elementor-spacer\">\n\t\t\t<div class=\"elementor-spacer-inner\"><\/div>\n\t\t<\/div>\n\t\t\t\t\t\t<\/div>\n\t\t\t\t\t<\/div>\n\t\t\t\t<\/div>\n\t\t<div class=\"elementor-element elementor-element-944e9cb e-flex e-con-boxed e-con e-parent\" data-id=\"944e9cb\" data-element_type=\"container\" data-e-type=\"container\" data-settings=\"{&quot;background_background&quot;:&quot;classic&quot;}\">\n\t\t\t\t\t<div class=\"e-con-inner\">\n\t\t<div class=\"elementor-element elementor-element-e06889f e-con-full e-flex e-con e-child\" data-id=\"e06889f\" data-element_type=\"container\" data-e-type=\"container\">\n\t\t\t\t<div class=\"elementor-element elementor-element-4b42e7b elementor-widget elementor-widget-text-editor\" data-id=\"4b42e7b\" data-element_type=\"widget\" data-e-type=\"widget\" data-widget_type=\"text-editor.default\">\n\t\t\t\t\t\t\t\t\t<p>EN OPLEVELSE FOR ALLE SANSER<\/p>\t\t\t\t\t\t\t\t<\/div>\n\t\t\t\t\t\n<hr class=\"e-af5ee6f-188aa6a e-divider-base\" data-interaction-id=\"af5ee6f\"  data-e-type=\"widget\" data-id=\"af5ee6f\" \/>\n\t\t\t\t<div class=\"elementor-element elementor-element-a268371 elementor-widget elementor-widget-heading\" data-id=\"a268371\" data-element_type=\"widget\" data-e-type=\"widget\" data-widget_type=\"heading.default\">\n\t\t\t\t\t<h2 class=\"elementor-heading-title elementor-size-default\">Velkommen i vores vinbar<\/h2>\t\t\t\t<\/div>\n\t\t\t\t<div class=\"elementor-element elementor-element-cec49f6 elementor-widget elementor-widget-text-editor\" data-id=\"cec49f6\" data-element_type=\"widget\" data-e-type=\"widget\" data-widget_type=\"text-editor.default\">\n\t\t\t\t\t\t\t\t\t<p>I vores vinbar handler det om at nyde \u00f8jeblikket.<\/p><p>Her kan du slappe af med et godt glas vin, dele l\u00e6kre serveringer<br \/>og lade stemningen s\u00e6tte rammen.<\/p><p>Vi har et n\u00f8je udvalgt sortiment af vine fra sm\u00e5 producenter<br \/>og klassiske vinomr\u00e5der \u2013 altid med fokus p\u00e5 kvalitet og smag.<\/p><p>Uanset om du er til et glas bobler, en fyldig r\u00f8dvin<br \/>eller noget helt tredje, st\u00e5r vi klar til at guide dig<br \/>til den perfekte vinoplevelse.<\/p>\t\t\t\t\t\t\t\t<\/div>\n\t\t\t\t<\/div>\n\t\t<div class=\"elementor-element elementor-element-ba6c78d e-con-full e-flex e-con e-child\" data-id=\"ba6c78d\" data-element_type=\"container\" data-e-type=\"container\">\n\t\t\t\t<div class=\"elementor-element elementor-element-747d173 elementor-widget elementor-widget-image\" data-id=\"747d173\" data-element_type=\"widget\" data-e-type=\"widget\" data-widget_type=\"image.default\">\n\t\t\t\t\t\t\t\t\t\t\t\t\t\t\t<img fetchpriority=\"high\" decoding=\"async\" width=\"750\" height=\"562\" src=\"https:\/\/blissful-heisenberg.92-205-177-139.plesk.page\/wp-content\/uploads\/2026\/04\/vin.jpg\" class=\"attachment-large size-large wp-image-991\" alt=\"\" srcset=\"https:\/\/blissful-heisenberg.92-205-177-139.plesk.page\/wp-content\/uploads\/2026\/04\/vin.jpg 750w, https:\/\/blissful-heisenberg.92-205-177-139.plesk.page\/wp-content\/uploads\/2026\/04\/vin-300x225.jpg 300w\" sizes=\"(max-width: 750px) 100vw, 750px\" \/>\t\t\t\t\t\t\t\t\t\t\t\t\t\t\t<\/div>\n\t\t\t\t<\/div>\n\t\t\t\t\t<\/div>\n\t\t\t\t<\/div>\n\t\t<div class=\"elementor-element elementor-element-301ada8 e-flex e-con-boxed e-con e-parent\" data-id=\"301ada8\" data-element_type=\"container\" data-e-type=\"container\" data-settings=\"{&quot;background_background&quot;:&quot;classic&quot;}\">\n\t\t\t\t\t<div class=\"e-con-inner\">\n\t\t\t\t<div class=\"elementor-element elementor-element-27f86ef elementor-widget elementor-widget-spacer\" data-id=\"27f86ef\" data-element_type=\"widget\" data-e-type=\"widget\" data-widget_type=\"spacer.default\">\n\t\t\t\t\t\t\t<div class=\"elementor-spacer\">\n\t\t\t<div class=\"elementor-spacer-inner\"><\/div>\n\t\t<\/div>\n\t\t\t\t\t\t<\/div>\n\t\t\t\t\t<\/div>\n\t\t\t\t<\/div>\n\t\t<div class=\"elementor-element elementor-element-9d002a5 e-flex e-con-boxed e-con e-parent\" data-id=\"9d002a5\" data-element_type=\"container\" data-e-type=\"container\" data-settings=\"{&quot;background_background&quot;:&quot;classic&quot;}\">\n\t\t\t\t\t<div class=\"e-con-inner\">\n\t\t<div class=\"elementor-element elementor-element-d8fe4c3 e-con-full e-flex e-con e-child\" data-id=\"d8fe4c3\" data-element_type=\"container\" data-e-type=\"container\">\n\t\t\t\t<div class=\"elementor-element elementor-element-cbdfd2a elementor-widget elementor-widget-heading\" data-id=\"cbdfd2a\" data-element_type=\"widget\" data-e-type=\"widget\" data-widget_type=\"heading.default\">\n\t\t\t\t\t<h2 class=\"elementor-heading-title elementor-size-default\">N\u00f8je udvalgte vine<\/h2>\t\t\t\t<\/div>\n\t\t\t\t<div class=\"elementor-element elementor-element-d7afbb2 elementor-widget elementor-widget-text-editor\" data-id=\"d7afbb2\" data-element_type=\"widget\" data-e-type=\"widget\" data-widget_type=\"text-editor.default\">\n\t\t\t\t\t\t\t\t\t<p>Vi v\u00e6lger vores vine med omhu og fokus p\u00e5 kvalitet<\/p>\t\t\t\t\t\t\t\t<\/div>\n\t\t\t\t<\/div>\n\t\t<div class=\"elementor-element elementor-element-ce79df1 e-con-full e-flex e-con e-child\" data-id=\"ce79df1\" data-element_type=\"container\" data-e-type=\"container\">\n\t\t\t\t<div class=\"elementor-element elementor-element-d1db0fd elementor-widget elementor-widget-heading\" data-id=\"d1db0fd\" data-element_type=\"widget\" data-e-type=\"widget\" data-widget_type=\"heading.default\">\n\t\t\t\t\t<h2 class=\"elementor-heading-title elementor-size-default\">L\u00e6kre serveringer<\/h2>\t\t\t\t<\/div>\n\t\t\t\t<div class=\"elementor-element elementor-element-ae89639 elementor-widget elementor-widget-text-editor\" data-id=\"ae89639\" data-element_type=\"widget\" data-e-type=\"widget\" data-widget_type=\"text-editor.default\">\n\t\t\t\t\t\t\t\t\t<p>Charcuteri, oste og sm\u00e5 retter<\/p>\t\t\t\t\t\t\t\t<\/div>\n\t\t\t\t<\/div>\n\t\t<div class=\"elementor-element elementor-element-179b55a e-con-full e-flex e-con e-child\" data-id=\"179b55a\" data-element_type=\"container\" data-e-type=\"container\">\n\t\t\t\t<div class=\"elementor-element elementor-element-c37bade elementor-widget elementor-widget-heading\" data-id=\"c37bade\" data-element_type=\"widget\" data-e-type=\"widget\" data-widget_type=\"heading.default\">\n\t\t\t\t\t<h2 class=\"elementor-heading-title elementor-size-default\">Hygge og stemning<\/h2>\t\t\t\t<\/div>\n\t\t\t\t<div class=\"elementor-element elementor-element-3f09f54 elementor-widget elementor-widget-text-editor\" data-id=\"3f09f54\" data-element_type=\"widget\" data-e-type=\"widget\" data-widget_type=\"text-editor.default\">\n\t\t\t\t\t\t\t\t\t<p>Levende lys og afslappet atmosf\u00e6re<\/p>\t\t\t\t\t\t\t\t<\/div>\n\t\t\t\t<\/div>\n\t\t<div class=\"elementor-element elementor-element-96b7932 e-con-full e-flex e-con e-child\" data-id=\"96b7932\" data-element_type=\"container\" data-e-type=\"container\">\n\t\t\t\t<div class=\"elementor-element elementor-element-50c15a3 elementor-widget elementor-widget-heading\" data-id=\"50c15a3\" data-element_type=\"widget\" data-e-type=\"widget\" data-widget_type=\"heading.default\">\n\t\t\t\t\t<h2 class=\"elementor-heading-title elementor-size-default\">Til alle lejligheder<\/h2>\t\t\t\t<\/div>\n\t\t\t\t<div class=\"elementor-element elementor-element-c6a758d elementor-widget elementor-widget-text-editor\" data-id=\"c6a758d\" data-element_type=\"widget\" data-e-type=\"widget\" data-widget_type=\"text-editor.default\">\n\t\t\t\t\t\t\t\t\t<p>Perfekt til venner, date eller hygge<\/p>\t\t\t\t\t\t\t\t<\/div>\n\t\t\t\t<\/div>\n\t\t\t\t\t<\/div>\n\t\t\t\t<\/div>\n\t\t<div class=\"elementor-element elementor-element-75e9e47 e-flex e-con-boxed e-con e-parent\" data-id=\"75e9e47\" data-element_type=\"container\" data-e-type=\"container\" data-settings=\"{&quot;background_background&quot;:&quot;classic&quot;}\">\n\t\t\t\t\t<div class=\"e-con-inner\">\n\t\t\t\t\t<\/div>\n\t\t\t\t<\/div>\n\t\t<div class=\"elementor-element elementor-element-b40d8d2 e-flex e-con-boxed e-con e-parent\" data-id=\"b40d8d2\" data-element_type=\"container\" data-e-type=\"container\" data-settings=\"{&quot;background_background&quot;:&quot;classic&quot;}\">\n\t\t\t\t\t<div class=\"e-con-inner\">\n\t\t<div class=\"elementor-element elementor-element-30fc359 e-con-full e-flex e-con e-child\" data-id=\"30fc359\" data-element_type=\"container\" data-e-type=\"container\">\n\t\t\t\t<div class=\"elementor-element elementor-element-3b4271c elementor-widget elementor-widget-image\" data-id=\"3b4271c\" data-element_type=\"widget\" data-e-type=\"widget\" data-widget_type=\"image.default\">\n\t\t\t\t\t\t\t\t\t\t\t\t\t\t\t<img decoding=\"async\" width=\"800\" height=\"534\" src=\"https:\/\/blissful-heisenberg.92-205-177-139.plesk.page\/wp-content\/uploads\/2026\/04\/ChatGPT-Image-23.-apr.-2026-10.44.45-1024x683.png\" class=\"attachment-large size-large wp-image-948\" alt=\"\" srcset=\"https:\/\/blissful-heisenberg.92-205-177-139.plesk.page\/wp-content\/uploads\/2026\/04\/ChatGPT-Image-23.-apr.-2026-10.44.45-1024x683.png 1024w, https:\/\/blissful-heisenberg.92-205-177-139.plesk.page\/wp-content\/uploads\/2026\/04\/ChatGPT-Image-23.-apr.-2026-10.44.45-300x200.png 300w, https:\/\/blissful-heisenberg.92-205-177-139.plesk.page\/wp-content\/uploads\/2026\/04\/ChatGPT-Image-23.-apr.-2026-10.44.45-768x512.png 768w, https:\/\/blissful-heisenberg.92-205-177-139.plesk.page\/wp-content\/uploads\/2026\/04\/ChatGPT-Image-23.-apr.-2026-10.44.45.png 1536w\" sizes=\"(max-width: 800px) 100vw, 800px\" \/>\t\t\t\t\t\t\t\t\t\t\t\t\t\t\t<\/div>\n\t\t\t\t<\/div>\n\t\t<div class=\"elementor-element elementor-element-a50a686 e-con-full e-flex e-con e-child\" data-id=\"a50a686\" data-element_type=\"container\" data-e-type=\"container\">\n\t\t<div class=\"elementor-element elementor-element-d179413 e-con-full e-flex e-con e-child\" data-id=\"d179413\" data-element_type=\"container\" data-e-type=\"container\">\n\t\t\t\t<div class=\"elementor-element elementor-element-4c51a45 elementor-widget elementor-widget-text-editor\" data-id=\"4c51a45\" data-element_type=\"widget\" data-e-type=\"widget\" data-widget_type=\"text-editor.default\">\n\t\t\t\t\t\t\t\t\t<p>KIG FORBI<\/p>\t\t\t\t\t\t\t\t<\/div>\n\t\t\t\t\t\n<hr class=\"e-e563a36-8225122 e-divider-base\" data-interaction-id=\"e563a36\"  data-e-type=\"widget\" data-id=\"e563a36\" \/>\n\t\t\t\t<div class=\"elementor-element elementor-element-c1c9395 elementor-widget elementor-widget-heading\" data-id=\"c1c9395\" data-element_type=\"widget\" data-e-type=\"widget\" data-widget_type=\"heading.default\">\n\t\t\t\t\t<h2 class=\"elementor-heading-title elementor-size-default\">Klar til en aften i godt selskab?<\/h2>\t\t\t\t<\/div>\n\t\t\t\t<div class=\"elementor-element elementor-element-60564bd elementor-widget elementor-widget-text-editor\" data-id=\"60564bd\" data-element_type=\"widget\" data-e-type=\"widget\" data-widget_type=\"text-editor.default\">\n\t\t\t\t\t\t\t\t\t<p>Har du sp\u00f8rgsm\u00e5l<br \/>eller vil du booke bord?<\/p><p>Vi st\u00e5r klar til at byde dig velkommen.<\/p>\t\t\t\t\t\t\t\t<\/div>\n\t\t\t\t<\/div>\n\t\t<div class=\"elementor-element elementor-element-50ffeb7 e-con-full e-flex e-con e-child\" data-id=\"50ffeb7\" data-element_type=\"container\" data-e-type=\"container\">\n\t\t\t\t<div class=\"elementor-element elementor-element-d26024a elementor-widget__width-initial elementor-widget elementor-widget-button\" data-id=\"d26024a\" data-element_type=\"widget\" data-e-type=\"widget\" data-widget_type=\"button.default\">\n\t\t\t\t\t\t\t\t\t\t<a class=\"elementor-button elementor-button-link elementor-size-sm\" href=\"#\">\n\t\t\t\t\t\t<span class=\"elementor-button-content-wrapper\">\n\t\t\t\t\t\t\t\t\t<span class=\"elementor-button-text\">BOOK BORD<\/span>\n\t\t\t\t\t<\/span>\n\t\t\t\t\t<\/a>\n\t\t\t\t\t\t\t\t<\/div>\n\t\t\t\t<div class=\"elementor-element elementor-element-6200c8c elementor-widget__width-initial elementor-widget elementor-widget-button\" data-id=\"6200c8c\" data-element_type=\"widget\" data-e-type=\"widget\" data-widget_type=\"button.default\">\n\t\t\t\t\t\t\t\t\t\t<a class=\"elementor-button elementor-button-link elementor-size-sm\" href=\"#\">\n\t\t\t\t\t\t<span class=\"elementor-button-content-wrapper\">\n\t\t\t\t\t\t\t\t\t<span class=\"elementor-button-text\">KONTAKT OS<\/span>\n\t\t\t\t\t<\/span>\n\t\t\t\t\t<\/a>\n\t\t\t\t\t\t\t\t<\/div>\n\t\t\t\t<\/div>\n\t\t\t\t<\/div>\n\t\t\t\t\t<\/div>\n\t\t\t\t<\/div>\n\t\t\t\t<\/div>\n\t\t","protected":false},"excerpt":{"rendered":"<p>VINBAR GODE VINE, L\u00c6KRE SERVERINGEROG DEN HELT RIGTIGE STEMNING EN OPLEVELSE FOR ALLE SANSER Velkommen i vores vinbar I vores vinbar handler det om at nyde \u00f8jeblikket. Her kan du slappe af med et godt glas vin, dele l\u00e6kre serveringerog lade stemningen s\u00e6tte rammen. Vi har et n\u00f8je udvalgt sortiment af vine fra sm\u00e5 producenterog [&hellip;]<\/p>\n","protected":false},"author":3,"featured_media":0,"parent":0,"menu_order":0,"comment_status":"closed","ping_status":"closed","template":"","meta":{"footnotes":""},"class_list":["post-910","page","type-page","status-publish","hentry"],"_links":{"self":[{"href":"https:\/\/blissful-heisenberg.92-205-177-139.plesk.page\/index.php?rest_route=\/wp\/v2\/pages\/910","targetHints":{"allow":["GET"]}}],"collection":[{"href":"https:\/\/blissful-heisenberg.92-205-177-139.plesk.page\/index.php?rest_route=\/wp\/v2\/pages"}],"about":[{"href":"https:\/\/blissful-heisenberg.92-205-177-139.plesk.page\/index.php?rest_route=\/wp\/v2\/types\/page"}],"author":[{"embeddable":true,"href":"https:\/\/blissful-heisenberg.92-205-177-139.plesk.page\/index.php?rest_route=\/wp\/v2\/users\/3"}],"replies":[{"embeddable":true,"href":"https:\/\/blissful-heisenberg.92-205-177-139.plesk.page\/index.php?rest_route=%2Fwp%2Fv2%2Fcomments&post=910"}],"version-history":[{"count":16,"href":"https:\/\/blissful-heisenberg.92-205-177-139.plesk.page\/index.php?rest_route=\/wp\/v2\/pages\/910\/revisions"}],"predecessor-version":[{"id":1007,"href":"https:\/\/blissful-heisenberg.92-205-177-139.plesk.page\/index.php?rest_route=\/wp\/v2\/pages\/910\/revisions\/1007"}],"wp:attachment":[{"href":"https:\/\/blissful-heisenberg.92-205-177-139.plesk.page\/index.php?rest_route=%2Fwp%2Fv2%2Fmedia&parent=910"}],"curies":[{"name":"wp","href":"https:\/\/api.w.org\/{rel}","templated":true}]}}