{"id":952,"date":"2026-04-23T10:49:04","date_gmt":"2026-04-23T08:49:04","guid":{"rendered":"https:\/\/blissful-heisenberg.92-205-177-139.plesk.page\/?page_id=952"},"modified":"2026-04-23T11:37:14","modified_gmt":"2026-04-23T09:37:14","slug":"om-os","status":"publish","type":"page","link":"https:\/\/blissful-heisenberg.92-205-177-139.plesk.page\/?page_id=952","title":{"rendered":"Om os"},"content":{"rendered":"\t\t<div data-elementor-type=\"wp-page\" data-elementor-id=\"952\" class=\"elementor elementor-952\" data-elementor-post-type=\"page\">\n\t\t\t\t<div class=\"elementor-element elementor-element-447ee44 e-flex e-con-boxed e-con e-parent\" data-id=\"447ee44\" data-element_type=\"container\" data-e-type=\"container\" data-settings=\"{&quot;background_background&quot;:&quot;classic&quot;}\">\n\t\t\t\t\t<div class=\"e-con-inner\">\n\t\t\t\t<div class=\"elementor-element elementor-element-6a6589b elementor-widget elementor-widget-spacer\" data-id=\"6a6589b\" data-element_type=\"widget\" data-e-type=\"widget\" data-widget_type=\"spacer.default\">\n\t\t\t\t\t\t\t<div class=\"elementor-spacer\">\n\t\t\t<div class=\"elementor-spacer-inner\"><\/div>\n\t\t<\/div>\n\t\t\t\t\t\t<\/div>\n\t\t\t\t\t<\/div>\n\t\t\t\t<\/div>\n\t\t<div class=\"elementor-element elementor-element-b57e7cd e-flex e-con-boxed e-con e-parent\" data-id=\"b57e7cd\" data-element_type=\"container\" data-e-type=\"container\" data-settings=\"{&quot;background_background&quot;:&quot;classic&quot;}\">\n\t\t\t\t\t<div class=\"e-con-inner\">\n\t\t\t\t<div class=\"elementor-element elementor-element-687efec elementor-widget elementor-widget-heading\" data-id=\"687efec\" data-element_type=\"widget\" data-e-type=\"widget\" data-widget_type=\"heading.default\">\n\t\t\t\t\t<h2 class=\"elementor-heading-title elementor-size-default\">OM SVINERIET<\/h2>\t\t\t\t<\/div>\n\t\t\t\t<div class=\"elementor-element elementor-element-b129d72 elementor-widget__width-initial elementor-widget elementor-widget-text-editor\" data-id=\"b129d72\" data-element_type=\"widget\" data-e-type=\"widget\" data-widget_type=\"text-editor.default\">\n\t\t\t\t\t\t\t\t\t<p>VIN, STEMNING OG GODE OPLEVELSER I HJERTET AF ODENSE<\/p>\t\t\t\t\t\t\t\t<\/div>\n\t\t\t\t\t<\/div>\n\t\t\t\t<\/div>\n\t\t<div class=\"elementor-element elementor-element-d729749 e-flex e-con-boxed e-con e-parent\" data-id=\"d729749\" data-element_type=\"container\" data-e-type=\"container\" data-settings=\"{&quot;background_background&quot;:&quot;classic&quot;}\">\n\t\t\t\t\t<div class=\"e-con-inner\">\n\t\t\t\t<div class=\"elementor-element elementor-element-6c002ed elementor-widget elementor-widget-spacer\" data-id=\"6c002ed\" data-element_type=\"widget\" data-e-type=\"widget\" data-widget_type=\"spacer.default\">\n\t\t\t\t\t\t\t<div class=\"elementor-spacer\">\n\t\t\t<div class=\"elementor-spacer-inner\"><\/div>\n\t\t<\/div>\n\t\t\t\t\t\t<\/div>\n\t\t\t\t\t<\/div>\n\t\t\t\t<\/div>\n\t\t<div class=\"elementor-element elementor-element-323d492 e-flex e-con-boxed e-con e-parent\" data-id=\"323d492\" data-element_type=\"container\" data-e-type=\"container\" data-settings=\"{&quot;background_background&quot;:&quot;classic&quot;}\">\n\t\t\t\t\t<div class=\"e-con-inner\">\n\t\t<div class=\"elementor-element elementor-element-01cde60 e-con-full e-flex e-con e-child\" data-id=\"01cde60\" data-element_type=\"container\" data-e-type=\"container\">\n\t\t\t\t<div class=\"elementor-element elementor-element-9f06580 elementor-widget elementor-widget-text-editor\" data-id=\"9f06580\" data-element_type=\"widget\" data-e-type=\"widget\" data-widget_type=\"text-editor.default\">\n\t\t\t\t\t\t\t\t\t<p>VORES HISTORE<\/p>\t\t\t\t\t\t\t\t<\/div>\n\t\t\t\t\t\n<hr class=\"e-286a8a9-c481d81 e-divider-base\" data-interaction-id=\"286a8a9\"  data-e-type=\"widget\" data-id=\"286a8a9\" \/>\n\t\t\t\t<div class=\"elementor-element elementor-element-e66c4ad elementor-widget elementor-widget-heading\" data-id=\"e66c4ad\" data-element_type=\"widget\" data-e-type=\"widget\" data-widget_type=\"heading.default\">\n\t\t\t\t\t<h2 class=\"elementor-heading-title elementor-size-default\">Vin smager bare bedre\nmed gode oplevelser<\/h2>\t\t\t\t<\/div>\n\t\t\t\t<div class=\"elementor-element elementor-element-3d831e5 elementor-widget elementor-widget-text-editor\" data-id=\"3d831e5\" data-element_type=\"widget\" data-e-type=\"widget\" data-widget_type=\"text-editor.default\">\n\t\t\t\t\t\t\t\t\t<p data-start=\"223\" data-end=\"330\">Hos Svineriet handler det om mere end bare vin og mad \u2013 det handler om stemning, n\u00e6rv\u00e6r og gode oplevelser.<\/p><p data-start=\"332\" data-end=\"731\">Midt i Odense finder du en vinbar, hvor g\u00e6ster igen og igen fremh\u00e6ver den hyggelige atmosf\u00e6re, den personlige betjening og den m\u00e5de, man bliver guidet gennem vinens verden p\u00e5. Her tager vi os tid \u2013 til b\u00e5de vinene og til jer. Mange beskriver oplevelsen som noget s\u00e6rligt, hvor kombinationen af god vin, l\u00e6kker mad og n\u00e6rv\u00e6rende service g\u00e5r op i en h\u00f8jere enhed.<\/p>\t\t\t\t\t\t\t\t<\/div>\n\t\t\t\t<\/div>\n\t\t<div class=\"elementor-element elementor-element-76508eb e-con-full e-flex e-con e-child\" data-id=\"76508eb\" data-element_type=\"container\" data-e-type=\"container\">\n\t\t\t\t<div class=\"elementor-element elementor-element-c68fc60 elementor-widget elementor-widget-image\" data-id=\"c68fc60\" data-element_type=\"widget\" data-e-type=\"widget\" data-widget_type=\"image.default\">\n\t\t\t\t\t\t\t\t\t\t\t\t\t\t\t<img fetchpriority=\"high\" decoding=\"async\" width=\"800\" height=\"534\" src=\"https:\/\/blissful-heisenberg.92-205-177-139.plesk.page\/wp-content\/uploads\/2026\/04\/sunshine-and-wine.jpg\" class=\"attachment-large size-large wp-image-961\" alt=\"\" srcset=\"https:\/\/blissful-heisenberg.92-205-177-139.plesk.page\/wp-content\/uploads\/2026\/04\/sunshine-and-wine.jpg 1000w, https:\/\/blissful-heisenberg.92-205-177-139.plesk.page\/wp-content\/uploads\/2026\/04\/sunshine-and-wine-300x200.jpg 300w, https:\/\/blissful-heisenberg.92-205-177-139.plesk.page\/wp-content\/uploads\/2026\/04\/sunshine-and-wine-768x512.jpg 768w\" sizes=\"(max-width: 800px) 100vw, 800px\" \/>\t\t\t\t\t\t\t\t\t\t\t\t\t\t\t<\/div>\n\t\t\t\t<\/div>\n\t\t\t\t\t<\/div>\n\t\t\t\t<\/div>\n\t\t<div class=\"elementor-element elementor-element-f2f1c88 e-flex e-con-boxed e-con e-parent\" data-id=\"f2f1c88\" data-element_type=\"container\" data-e-type=\"container\" data-settings=\"{&quot;background_background&quot;:&quot;classic&quot;}\">\n\t\t\t\t\t<div class=\"e-con-inner\">\n\t\t\t\t<div class=\"elementor-element elementor-element-30b0ba1 elementor-widget elementor-widget-spacer\" data-id=\"30b0ba1\" data-element_type=\"widget\" data-e-type=\"widget\" data-widget_type=\"spacer.default\">\n\t\t\t\t\t\t\t<div class=\"elementor-spacer\">\n\t\t\t<div class=\"elementor-spacer-inner\"><\/div>\n\t\t<\/div>\n\t\t\t\t\t\t<\/div>\n\t\t\t\t\t<\/div>\n\t\t\t\t<\/div>\n\t\t<div class=\"elementor-element elementor-element-bb284ba e-flex e-con-boxed e-con e-parent\" data-id=\"bb284ba\" data-element_type=\"container\" data-e-type=\"container\" data-settings=\"{&quot;background_background&quot;:&quot;classic&quot;}\">\n\t\t\t\t\t<div class=\"e-con-inner\">\n\t\t<div class=\"elementor-element elementor-element-c4a5d60 e-con-full e-flex e-con e-child\" data-id=\"c4a5d60\" data-element_type=\"container\" data-e-type=\"container\">\n\t\t\t\t<div class=\"elementor-element elementor-element-9d5bb3c elementor-widget elementor-widget-image\" data-id=\"9d5bb3c\" data-element_type=\"widget\" data-e-type=\"widget\" data-widget_type=\"image.default\">\n\t\t\t\t\t\t\t\t\t\t\t\t\t\t\t<img decoding=\"async\" width=\"800\" height=\"600\" src=\"https:\/\/blissful-heisenberg.92-205-177-139.plesk.page\/wp-content\/uploads\/2026\/04\/11b75bb1-2f13-4100-8190-2ad7a9977e71_1_90_0_0_5712_4284_1440_1080_e800457e-1024x768.jpg\" class=\"attachment-large size-large wp-image-954\" alt=\"\" srcset=\"https:\/\/blissful-heisenberg.92-205-177-139.plesk.page\/wp-content\/uploads\/2026\/04\/11b75bb1-2f13-4100-8190-2ad7a9977e71_1_90_0_0_5712_4284_1440_1080_e800457e-1024x768.jpg 1024w, https:\/\/blissful-heisenberg.92-205-177-139.plesk.page\/wp-content\/uploads\/2026\/04\/11b75bb1-2f13-4100-8190-2ad7a9977e71_1_90_0_0_5712_4284_1440_1080_e800457e-300x225.jpg 300w, https:\/\/blissful-heisenberg.92-205-177-139.plesk.page\/wp-content\/uploads\/2026\/04\/11b75bb1-2f13-4100-8190-2ad7a9977e71_1_90_0_0_5712_4284_1440_1080_e800457e-768x576.jpg 768w, https:\/\/blissful-heisenberg.92-205-177-139.plesk.page\/wp-content\/uploads\/2026\/04\/11b75bb1-2f13-4100-8190-2ad7a9977e71_1_90_0_0_5712_4284_1440_1080_e800457e.jpg 1440w\" sizes=\"(max-width: 800px) 100vw, 800px\" \/>\t\t\t\t\t\t\t\t\t\t\t\t\t\t\t<\/div>\n\t\t\t\t<\/div>\n\t\t<div class=\"elementor-element elementor-element-1a60795 e-con-full e-flex e-con e-child\" data-id=\"1a60795\" data-element_type=\"container\" data-e-type=\"container\">\n\t\t\t\t<div class=\"elementor-element elementor-element-9da574e elementor-widget elementor-widget-text-editor\" data-id=\"9da574e\" data-element_type=\"widget\" data-e-type=\"widget\" data-widget_type=\"text-editor.default\">\n\t\t\t\t\t\t\t\t\t<p>PASSION FOR VIN OG OPLEVELSER<\/p>\t\t\t\t\t\t\t\t<\/div>\n\t\t\t\t\t\n<hr class=\"e-0126f50-c2c1dc1 e-divider-base\" data-interaction-id=\"0126f50\"  data-e-type=\"widget\" data-id=\"0126f50\" \/>\n\t\t\t\t<div class=\"elementor-element elementor-element-5c35510 elementor-widget elementor-widget-heading\" data-id=\"5c35510\" data-element_type=\"widget\" data-e-type=\"widget\" data-widget_type=\"heading.default\">\n\t\t\t\t\t<h2 class=\"elementor-heading-title elementor-size-default\">Bag Svineriet st\u00e5r mennesker med hjertet p\u00e5 rette sted<\/h2>\t\t\t\t<\/div>\n\t\t\t\t<div class=\"elementor-element elementor-element-5d76f64 elementor-widget elementor-widget-text-editor\" data-id=\"5d76f64\" data-element_type=\"widget\" data-e-type=\"widget\" data-widget_type=\"text-editor.default\">\n\t\t\t\t\t\t\t\t\t<p data-start=\"733\" data-end=\"1023\">Bag Svineriet st\u00e5r passionen for vin og oplevelser i centrum. Andr\u00e9, sommelier og en af kr\u00e6fterne bag stedet, er kendt for sin evne til at formidle vin p\u00e5 en m\u00e5de, der b\u00e5de er n\u00f8rdet og tilg\u00e6ngelig \u2013 altid med udgangspunkt i g\u00e6stens smag og stemning.<\/p><p data-start=\"1025\" data-end=\"1254\">Sammen med Carsten arbejdes der l\u00f8bende p\u00e5 at udvikle Svineriet som et sted, hvor vin, mad og oplevelser smelter sammen \u2013 blandt andet med fokus p\u00e5 s\u00e6rlige events og oplevelser, der giver g\u00e6sterne endnu mere end bare et glas vin.<\/p><p data-start=\"1256\" data-end=\"1467\">Vores mad best\u00e5r af et n\u00f8je udvalgt sortiment af charcuteri, oste og sm\u00e5 tapasretter, som skifter fra uge til uge. Det giver mulighed for altid at opleve nye smage \u2013 og finde den perfekte kombination med vinene.<\/p><p data-start=\"1617\" data-end=\"1702\">\u00a0<\/p>\t\t\t\t\t\t\t\t<\/div>\n\t\t\t\t<\/div>\n\t\t\t\t\t<\/div>\n\t\t\t\t<\/div>\n\t\t<div class=\"elementor-element elementor-element-f18979f e-flex e-con-boxed e-con e-parent\" data-id=\"f18979f\" data-element_type=\"container\" data-e-type=\"container\" data-settings=\"{&quot;background_background&quot;:&quot;classic&quot;}\">\n\t\t\t\t\t<div class=\"e-con-inner\">\n\t\t\t\t<div class=\"elementor-element elementor-element-a9bbfa6 elementor-widget elementor-widget-spacer\" data-id=\"a9bbfa6\" data-element_type=\"widget\" data-e-type=\"widget\" data-widget_type=\"spacer.default\">\n\t\t\t\t\t\t\t<div class=\"elementor-spacer\">\n\t\t\t<div class=\"elementor-spacer-inner\"><\/div>\n\t\t<\/div>\n\t\t\t\t\t\t<\/div>\n\t\t\t\t\t<\/div>\n\t\t\t\t<\/div>\n\t\t<div class=\"elementor-element elementor-element-75e9e47 e-flex e-con-boxed e-con e-parent\" data-id=\"75e9e47\" data-element_type=\"container\" data-e-type=\"container\" data-settings=\"{&quot;background_background&quot;:&quot;classic&quot;}\">\n\t\t\t\t\t<div class=\"e-con-inner\">\n\t\t\t\t<div class=\"elementor-element elementor-element-c445bfd elementor-widget elementor-widget-text-editor\" data-id=\"c445bfd\" data-element_type=\"widget\" data-e-type=\"widget\" data-widget_type=\"text-editor.default\">\n\t\t\t\t\t\t\t\t\t<p data-start=\"1617\" data-end=\"1702\">\u201cEt sted man vender tilbage til\u201d<\/p>\t\t\t\t\t\t\t\t<\/div>\n\t\t\t\t<div class=\"elementor-element elementor-element-2387e4f elementor-widget elementor-widget-text-editor\" data-id=\"2387e4f\" data-element_type=\"widget\" data-e-type=\"widget\" data-widget_type=\"text-editor.default\">\n\t\t\t\t\t\t\t\t\t<p>\u2013 G\u00c6STER HOS SVINERIET<\/p>\t\t\t\t\t\t\t\t<\/div>\n\t\t\t\t\t<\/div>\n\t\t\t\t<\/div>\n\t\t<div class=\"elementor-element elementor-element-7b04243 e-flex e-con-boxed e-con e-parent\" data-id=\"7b04243\" data-element_type=\"container\" data-e-type=\"container\" data-settings=\"{&quot;background_background&quot;:&quot;classic&quot;}\">\n\t\t\t\t\t<div class=\"e-con-inner\">\n\t\t\t\t<div class=\"elementor-element elementor-element-f5a968b elementor-widget elementor-widget-spacer\" data-id=\"f5a968b\" data-element_type=\"widget\" data-e-type=\"widget\" data-widget_type=\"spacer.default\">\n\t\t\t\t\t\t\t<div class=\"elementor-spacer\">\n\t\t\t<div class=\"elementor-spacer-inner\"><\/div>\n\t\t<\/div>\n\t\t\t\t\t\t<\/div>\n\t\t\t\t\t<\/div>\n\t\t\t\t<\/div>\n\t\t<div class=\"elementor-element elementor-element-b40d8d2 e-flex e-con-boxed e-con e-parent\" data-id=\"b40d8d2\" data-element_type=\"container\" data-e-type=\"container\" data-settings=\"{&quot;background_background&quot;:&quot;classic&quot;}\">\n\t\t\t\t\t<div class=\"e-con-inner\">\n\t\t<div class=\"elementor-element elementor-element-30fc359 e-con-full e-flex e-con e-child\" data-id=\"30fc359\" data-element_type=\"container\" data-e-type=\"container\">\n\t\t\t\t<div class=\"elementor-element elementor-element-3b4271c elementor-widget elementor-widget-image\" data-id=\"3b4271c\" data-element_type=\"widget\" data-e-type=\"widget\" data-widget_type=\"image.default\">\n\t\t\t\t\t\t\t\t\t\t\t\t\t\t\t<img decoding=\"async\" width=\"800\" height=\"534\" src=\"https:\/\/blissful-heisenberg.92-205-177-139.plesk.page\/wp-content\/uploads\/2026\/04\/ChatGPT-Image-23.-apr.-2026-10.44.45-1024x683.png\" class=\"attachment-large size-large wp-image-948\" alt=\"\" srcset=\"https:\/\/blissful-heisenberg.92-205-177-139.plesk.page\/wp-content\/uploads\/2026\/04\/ChatGPT-Image-23.-apr.-2026-10.44.45-1024x683.png 1024w, https:\/\/blissful-heisenberg.92-205-177-139.plesk.page\/wp-content\/uploads\/2026\/04\/ChatGPT-Image-23.-apr.-2026-10.44.45-300x200.png 300w, https:\/\/blissful-heisenberg.92-205-177-139.plesk.page\/wp-content\/uploads\/2026\/04\/ChatGPT-Image-23.-apr.-2026-10.44.45-768x512.png 768w, https:\/\/blissful-heisenberg.92-205-177-139.plesk.page\/wp-content\/uploads\/2026\/04\/ChatGPT-Image-23.-apr.-2026-10.44.45.png 1536w\" sizes=\"(max-width: 800px) 100vw, 800px\" \/>\t\t\t\t\t\t\t\t\t\t\t\t\t\t\t<\/div>\n\t\t\t\t<\/div>\n\t\t<div class=\"elementor-element elementor-element-a50a686 e-con-full e-flex e-con e-child\" data-id=\"a50a686\" data-element_type=\"container\" data-e-type=\"container\">\n\t\t<div class=\"elementor-element elementor-element-d179413 e-con-full e-flex e-con e-child\" data-id=\"d179413\" data-element_type=\"container\" data-e-type=\"container\">\n\t\t\t\t<div class=\"elementor-element elementor-element-c1c9395 elementor-widget elementor-widget-heading\" data-id=\"c1c9395\" data-element_type=\"widget\" data-e-type=\"widget\" data-widget_type=\"heading.default\">\n\t\t\t\t\t<h2 class=\"elementor-heading-title elementor-size-default\">Klar til en aften i godt selskab?<\/h2>\t\t\t\t<\/div>\n\t\t\t\t<div class=\"elementor-element elementor-element-60564bd elementor-widget elementor-widget-text-editor\" data-id=\"60564bd\" data-element_type=\"widget\" data-e-type=\"widget\" data-widget_type=\"text-editor.default\">\n\t\t\t\t\t\t\t\t\t<p>Har du sp\u00f8rgsm\u00e5l<br \/>eller vil du booke bord?<\/p><p>Vi st\u00e5r klar til at byde dig velkommen.<\/p>\t\t\t\t\t\t\t\t<\/div>\n\t\t\t\t<\/div>\n\t\t<div class=\"elementor-element elementor-element-50ffeb7 e-con-full e-flex e-con e-child\" data-id=\"50ffeb7\" data-element_type=\"container\" data-e-type=\"container\">\n\t\t\t\t<div class=\"elementor-element elementor-element-d26024a elementor-widget__width-initial elementor-widget elementor-widget-button\" data-id=\"d26024a\" data-element_type=\"widget\" data-e-type=\"widget\" data-widget_type=\"button.default\">\n\t\t\t\t\t\t\t\t\t\t<a class=\"elementor-button elementor-button-link elementor-size-sm\" href=\"#\">\n\t\t\t\t\t\t<span class=\"elementor-button-content-wrapper\">\n\t\t\t\t\t\t\t\t\t<span class=\"elementor-button-text\">BOOK BORD<\/span>\n\t\t\t\t\t<\/span>\n\t\t\t\t\t<\/a>\n\t\t\t\t\t\t\t\t<\/div>\n\t\t\t\t<div class=\"elementor-element elementor-element-6200c8c elementor-widget__width-initial elementor-widget elementor-widget-button\" data-id=\"6200c8c\" data-element_type=\"widget\" data-e-type=\"widget\" data-widget_type=\"button.default\">\n\t\t\t\t\t\t\t\t\t\t<a class=\"elementor-button elementor-button-link elementor-size-sm\" href=\"#\">\n\t\t\t\t\t\t<span class=\"elementor-button-content-wrapper\">\n\t\t\t\t\t\t\t\t\t<span class=\"elementor-button-text\">KONTAKT OS<\/span>\n\t\t\t\t\t<\/span>\n\t\t\t\t\t<\/a>\n\t\t\t\t\t\t\t\t<\/div>\n\t\t\t\t<\/div>\n\t\t\t\t<\/div>\n\t\t\t\t\t<\/div>\n\t\t\t\t<\/div>\n\t\t<div class=\"elementor-element elementor-element-358f8be e-flex e-con-boxed e-con e-parent\" data-id=\"358f8be\" data-element_type=\"container\" data-e-type=\"container\" data-settings=\"{&quot;background_background&quot;:&quot;classic&quot;}\">\n\t\t\t\t\t<div class=\"e-con-inner\">\n\t\t\t\t<div class=\"elementor-element elementor-element-71339e2 elementor-widget elementor-widget-spacer\" data-id=\"71339e2\" data-element_type=\"widget\" data-e-type=\"widget\" data-widget_type=\"spacer.default\">\n\t\t\t\t\t\t\t<div class=\"elementor-spacer\">\n\t\t\t<div class=\"elementor-spacer-inner\"><\/div>\n\t\t<\/div>\n\t\t\t\t\t\t<\/div>\n\t\t\t\t\t<\/div>\n\t\t\t\t<\/div>\n\t\t\t\t<\/div>\n\t\t","protected":false},"excerpt":{"rendered":"<p>OM SVINERIET VIN, STEMNING OG GODE OPLEVELSER I HJERTET AF ODENSE VORES HISTORE Vin smager bare bedre med gode oplevelser Hos Svineriet handler det om mere end bare vin og mad \u2013 det handler om stemning, n\u00e6rv\u00e6r og gode oplevelser. Midt i Odense finder du en vinbar, hvor g\u00e6ster igen og igen fremh\u00e6ver den hyggelige [&hellip;]<\/p>\n","protected":false},"author":3,"featured_media":0,"parent":0,"menu_order":0,"comment_status":"closed","ping_status":"closed","template":"","meta":{"footnotes":""},"class_list":["post-952","page","type-page","status-publish","hentry"],"_links":{"self":[{"href":"https:\/\/blissful-heisenberg.92-205-177-139.plesk.page\/index.php?rest_route=\/wp\/v2\/pages\/952","targetHints":{"allow":["GET"]}}],"collection":[{"href":"https:\/\/blissful-heisenberg.92-205-177-139.plesk.page\/index.php?rest_route=\/wp\/v2\/pages"}],"about":[{"href":"https:\/\/blissful-heisenberg.92-205-177-139.plesk.page\/index.php?rest_route=\/wp\/v2\/types\/page"}],"author":[{"embeddable":true,"href":"https:\/\/blissful-heisenberg.92-205-177-139.plesk.page\/index.php?rest_route=\/wp\/v2\/users\/3"}],"replies":[{"embeddable":true,"href":"https:\/\/blissful-heisenberg.92-205-177-139.plesk.page\/index.php?rest_route=%2Fwp%2Fv2%2Fcomments&post=952"}],"version-history":[{"count":28,"href":"https:\/\/blissful-heisenberg.92-205-177-139.plesk.page\/index.php?rest_route=\/wp\/v2\/pages\/952\/revisions"}],"predecessor-version":[{"id":988,"href":"https:\/\/blissful-heisenberg.92-205-177-139.plesk.page\/index.php?rest_route=\/wp\/v2\/pages\/952\/revisions\/988"}],"wp:attachment":[{"href":"https:\/\/blissful-heisenberg.92-205-177-139.plesk.page\/index.php?rest_route=%2Fwp%2Fv2%2Fmedia&parent=952"}],"curies":[{"name":"wp","href":"https:\/\/api.w.org\/{rel}","templated":true}]}}